{"id":1616,"date":"2025-02-21T13:56:13","date_gmt":"2025-02-21T12:56:13","guid":{"rendered":"https:\/\/www.matthias-handschick.com\/?page_id=1616"},"modified":"2025-02-21T15:37:25","modified_gmt":"2025-02-21T14:37:25","slug":"ueber-mich","status":"publish","type":"page","link":"https:\/\/www.matthias-handschick.com\/index.php\/ueber-mich\/","title":{"rendered":"\u00dcber mich"},"content":{"rendered":"\t\t<div data-elementor-type=\"wp-page\" data-elementor-id=\"1616\" class=\"elementor elementor-1616\">\n\t\t\t\t\t\t<section class=\"elementor-section elementor-top-section elementor-element elementor-element-688b0c50 elementor-section-stretched elementor-section-boxed elementor-section-height-default elementor-section-height-default\" data-id=\"688b0c50\" data-element_type=\"section\" data-e-type=\"section\" data-settings=\"{&quot;stretch_section&quot;:&quot;section-stretched&quot;}\">\n\t\t\t\t\t\t<div class=\"elementor-container elementor-column-gap-default\">\n\t\t\t\t\t<div class=\"elementor-column elementor-col-100 elementor-top-column elementor-element elementor-element-5c3a19a9\" data-id=\"5c3a19a9\" data-element_type=\"column\" data-e-type=\"column\">\n\t\t\t<div class=\"elementor-widget-wrap elementor-element-populated\">\n\t\t\t\t\t\t<div class=\"elementor-element elementor-element-7c56e418 elementor-widget elementor-widget-image\" data-id=\"7c56e418\" data-element_type=\"widget\" data-e-type=\"widget\" data-widget_type=\"image.default\">\n\t\t\t\t<div class=\"elementor-widget-container\">\n\t\t\t\t\t\t\t\t\t\t\t\t\t\t\t<img fetchpriority=\"high\" decoding=\"async\" width=\"960\" height=\"369\" src=\"https:\/\/www.matthias-handschick.com\/wp-content\/uploads\/2025\/02\/mh2.jpg\" class=\"attachment-large size-large wp-image-1590\" alt=\"\" srcset=\"https:\/\/www.matthias-handschick.com\/wp-content\/uploads\/2025\/02\/mh2.jpg 960w, https:\/\/www.matthias-handschick.com\/wp-content\/uploads\/2025\/02\/mh2-300x115.jpg 300w, https:\/\/www.matthias-handschick.com\/wp-content\/uploads\/2025\/02\/mh2-768x295.jpg 768w\" sizes=\"(max-width: 960px) 100vw, 960px\" \/>\t\t\t\t\t\t\t\t\t\t\t\t\t\t\t<\/div>\n\t\t\t\t<\/div>\n\t\t\t\t\t<\/div>\n\t\t<\/div>\n\t\t\t\t\t<\/div>\n\t\t<\/section>\n\t\t\t\t<section class=\"elementor-section elementor-top-section elementor-element elementor-element-62f78492 elementor-section-boxed elementor-section-height-default elementor-section-height-default\" data-id=\"62f78492\" data-element_type=\"section\" data-e-type=\"section\">\n\t\t\t\t\t\t<div class=\"elementor-container elementor-column-gap-default\">\n\t\t\t\t\t<div class=\"elementor-column elementor-col-100 elementor-top-column elementor-element elementor-element-1c455db5\" data-id=\"1c455db5\" data-element_type=\"column\" data-e-type=\"column\">\n\t\t\t<div class=\"elementor-widget-wrap elementor-element-populated\">\n\t\t\t\t\t\t<div class=\"elementor-element elementor-element-72cb4189 elementor-widget elementor-widget-heading\" data-id=\"72cb4189\" data-element_type=\"widget\" data-e-type=\"widget\" data-widget_type=\"heading.default\">\n\t\t\t\t<div class=\"elementor-widget-container\">\n\t\t\t\t\t<h2 class=\"elementor-heading-title elementor-size-default\">\u00dcber mich<\/h2>\t\t\t\t<\/div>\n\t\t\t\t<\/div>\n\t\t\t\t<div class=\"elementor-element elementor-element-4dbaed0d elementor-widget-divider--view-line elementor-widget elementor-widget-divider\" data-id=\"4dbaed0d\" data-element_type=\"widget\" data-e-type=\"widget\" data-widget_type=\"divider.default\">\n\t\t\t\t<div class=\"elementor-widget-container\">\n\t\t\t\t\t\t\t<div class=\"elementor-divider\">\n\t\t\t<span class=\"elementor-divider-separator\">\n\t\t\t\t\t\t<\/span>\n\t\t<\/div>\n\t\t\t\t\t\t<\/div>\n\t\t\t\t<\/div>\n\t\t\t\t\t<\/div>\n\t\t<\/div>\n\t\t\t\t\t<\/div>\n\t\t<\/section>\n\t\t\t\t<section class=\"elementor-section elementor-top-section elementor-element elementor-element-85cba38 elementor-section-boxed elementor-section-height-default elementor-section-height-default\" data-id=\"85cba38\" data-element_type=\"section\" data-e-type=\"section\">\n\t\t\t\t\t\t<div class=\"elementor-container elementor-column-gap-default\">\n\t\t\t\t\t<div class=\"elementor-column elementor-col-100 elementor-top-column elementor-element elementor-element-f97f43f\" data-id=\"f97f43f\" data-element_type=\"column\" data-e-type=\"column\">\n\t\t\t<div class=\"elementor-widget-wrap elementor-element-populated\">\n\t\t\t\t\t\t<div class=\"elementor-element elementor-element-5e73b77 elementor-widget elementor-widget-text-editor\" data-id=\"5e73b77\" data-element_type=\"widget\" data-e-type=\"widget\" data-widget_type=\"text-editor.default\">\n\t\t\t\t<div class=\"elementor-widget-container\">\n\t\t\t\t\t\t\t\t\t<ul><li>1971 geboren in L\u00fcbeck<\/li><li>1990 Abitur in Bersenbr\u00fcck (Landkreis Osnabr\u00fcck)<\/li><li>1990 bis 1997 Studium der Schulmusik, Musiktheorie und Germanistik in Hannover und Freiburg im Breisgau<\/li><li>1997 bis 1999 K\u00fcnstlerisches Aufbaustudium im Fach Komposition bei Mathias Spahlinger<\/li><li>1999 bis 2000 Zivildienst im Kinder- und Jugendhaus Freiburg-St. Georgen<\/li><li>2000 bis 2002 Referendariat<\/li><li>2002 bis 2009 Studienrat am Hochrhein-Gymnasium Waldshut, Leitung der Arbeitsgemeinschaft &#8222;Klangbaustelle Waldshut&#8220;<\/li><li>2009 bis 2015 Studienrat (ab 2014 Oberstudienrat) am Hans Thoma-Gymnasium in L\u00f6rrach<\/li><li>2014 Promotion zum Dr. phil. im Fach Musikp\u00e4dagogik an der Musikhochschule Freiburg<\/li><li>2015 bis 2024 Professor f\u00fcr Musikp\u00e4dagogik und Musikdidaktik sowie Prodekan f\u00fcr alle Lehramtsstudieng\u00e4nge an der Hochschule f\u00fcr Musik Saar.<\/li><li>2024 Prorektor f\u00fcr Studium und Forschung der Hochschule f\u00fcr Musik Saar<\/li><\/ul><p>nebenbei:<\/p><ul><li>Lehrauftr\u00e4ge f\u00fcr Musikp\u00e4dagogik an der Staatlichen Hochschule f\u00fcr Musik und Darstellende Kunst Stuttgart, an der P\u00e4dagogischen Hochschule Freiburg, an der Universit\u00e4t Mozarteum Salzburg und an der Hochschule f\u00fcr Musik Franz Liszt Weimar<\/li><li>2007-2022 Mitarbeit im Vorstand des Instituts f\u00fcr Neue Musik und Musikerziehung (INMM) Darmstadt, 2016-2022 als stellvertretender Vorsitzender<\/li><li>mehrfacher Referent im Lehrgang &#8222;Jugend Komponiert&#8220; f\u00fcr den Landesmusikrat Baden-W\u00fcrttemberg<\/li><li>K\u00fcnstlerisch-p\u00e4dagogische Betreuung des Projekts &#8222;Klangvisionen&#8220; (2009-2011) mit Helmut Lachenmann, Silvain Cambreling und dem SWR-Sinfonieorchester Freiburg und Baden-Baden<\/li><li>Von 2011 bis 2015 hauptamtlicher Mitarbeiter am Institut f\u00fcr Musik der P\u00e4dagogischen Hochschule Freiburg und Gastdozent an der Musikhochschule Freiburg im Rahmen des Forschungsprojekts &#8222;Produktive Musikdidaktik f\u00fcr allgemeinbildende Schulen&#8220;<\/li><li>Leitung des BMBF-Forschungsprojekts &#8222;SaLUt&#8220; zur Optimierung der Saarl\u00e4ndischen LehrerInnenbildung im Umgang mit Heterogenit\u00e4t und Inklusion an der Hochschule f\u00fcr Musik Saar.<\/li><li>Leitung des Forschungsprojekts &#8222;Campus Neue Musik&#8220; (gemeinsam mit Prof. Dr. Wolfgang Lessing) f\u00fcr das Institut f\u00fcr Neue Musik und Musikerziehung Darmstadt.<\/li><\/ul><ul><li>verheiratet, vier Kinder<\/li><\/ul>\t\t\t\t\t\t\t\t<\/div>\n\t\t\t\t<\/div>\n\t\t\t\t\t<\/div>\n\t\t<\/div>\n\t\t\t\t\t<\/div>\n\t\t<\/section>\n\t\t\t\t<\/div>\n\t\t","protected":false},"excerpt":{"rendered":"<p>\u00dcber mich 1971 geboren in L\u00fcbeck 1990 Abitur in Bersenbr\u00fcck (Landkreis Osnabr\u00fcck) 1990 bis 1997 Studium der Schulmusik, Musiktheorie und Germanistik in Hannover und Freiburg im Breisgau 1997 bis 1999 K\u00fcnstlerisches Aufbaustudium im Fach Komposition bei Mathias Spahlinger 1999 bis 2000 Zivildienst im Kinder- und Jugendhaus Freiburg-St. Georgen 2000 bis 2002 Referendariat 2002 bis 2009 [&hellip;]<\/p>\n","protected":false},"author":1,"featured_media":0,"parent":0,"menu_order":0,"comment_status":"closed","ping_status":"closed","template":"","meta":{"ocean_post_layout":"","ocean_both_sidebars_style":"","ocean_both_sidebars_content_width":0,"ocean_both_sidebars_sidebars_width":0,"ocean_sidebar":"","ocean_second_sidebar":"","ocean_disable_margins":"enable","ocean_add_body_class":"","ocean_shortcode_before_top_bar":"","ocean_shortcode_after_top_bar":"","ocean_shortcode_before_header":"","ocean_shortcode_after_header":"","ocean_has_shortcode":"","ocean_shortcode_after_title":"","ocean_shortcode_before_footer_widgets":"","ocean_shortcode_after_footer_widgets":"","ocean_shortcode_before_footer_bottom":"","ocean_shortcode_after_footer_bottom":"","ocean_display_top_bar":"default","ocean_display_header":"default","ocean_header_style":"","ocean_center_header_left_menu":"","ocean_custom_header_template":"","ocean_custom_logo":0,"ocean_custom_retina_logo":0,"ocean_custom_logo_max_width":0,"ocean_custom_logo_tablet_max_width":0,"ocean_custom_logo_mobile_max_width":0,"ocean_custom_logo_max_height":0,"ocean_custom_logo_tablet_max_height":0,"ocean_custom_logo_mobile_max_height":0,"ocean_header_custom_menu":"","ocean_menu_typo_font_family":"","ocean_menu_typo_font_subset":"","ocean_menu_typo_font_size":0,"ocean_menu_typo_font_size_tablet":0,"ocean_menu_typo_font_size_mobile":0,"ocean_menu_typo_font_size_unit":"px","ocean_menu_typo_font_weight":"","ocean_menu_typo_font_weight_tablet":"","ocean_menu_typo_font_weight_mobile":"","ocean_menu_typo_transform":"","ocean_menu_typo_transform_tablet":"","ocean_menu_typo_transform_mobile":"","ocean_menu_typo_line_height":0,"ocean_menu_typo_line_height_tablet":0,"ocean_menu_typo_line_height_mobile":0,"ocean_menu_typo_line_height_unit":"","ocean_menu_typo_spacing":0,"ocean_menu_typo_spacing_tablet":0,"ocean_menu_typo_spacing_mobile":0,"ocean_menu_typo_spacing_unit":"","ocean_menu_link_color":"","ocean_menu_link_color_hover":"","ocean_menu_link_color_active":"","ocean_menu_link_background":"","ocean_menu_link_hover_background":"","ocean_menu_link_active_background":"","ocean_menu_social_links_bg":"","ocean_menu_social_hover_links_bg":"","ocean_menu_social_links_color":"","ocean_menu_social_hover_links_color":"","ocean_disable_title":"default","ocean_disable_heading":"default","ocean_post_title":"","ocean_post_subheading":"","ocean_post_title_style":"","ocean_post_title_background_color":"","ocean_post_title_background":0,"ocean_post_title_bg_image_position":"","ocean_post_title_bg_image_attachment":"","ocean_post_title_bg_image_repeat":"","ocean_post_title_bg_image_size":"","ocean_post_title_height":0,"ocean_post_title_bg_overlay":0.5,"ocean_post_title_bg_overlay_color":"","ocean_disable_breadcrumbs":"default","ocean_breadcrumbs_color":"","ocean_breadcrumbs_separator_color":"","ocean_breadcrumbs_links_color":"","ocean_breadcrumbs_links_hover_color":"","ocean_display_footer_widgets":"default","ocean_display_footer_bottom":"default","ocean_custom_footer_template":"","footnotes":""},"class_list":["post-1616","page","type-page","status-publish","hentry","entry"],"_links":{"self":[{"href":"https:\/\/www.matthias-handschick.com\/index.php\/wp-json\/wp\/v2\/pages\/1616","targetHints":{"allow":["GET"]}}],"collection":[{"href":"https:\/\/www.matthias-handschick.com\/index.php\/wp-json\/wp\/v2\/pages"}],"about":[{"href":"https:\/\/www.matthias-handschick.com\/index.php\/wp-json\/wp\/v2\/types\/page"}],"author":[{"embeddable":true,"href":"https:\/\/www.matthias-handschick.com\/index.php\/wp-json\/wp\/v2\/users\/1"}],"replies":[{"embeddable":true,"href":"https:\/\/www.matthias-handschick.com\/index.php\/wp-json\/wp\/v2\/comments?post=1616"}],"version-history":[{"count":0,"href":"https:\/\/www.matthias-handschick.com\/index.php\/wp-json\/wp\/v2\/pages\/1616\/revisions"}],"wp:attachment":[{"href":"https:\/\/www.matthias-handschick.com\/index.php\/wp-json\/wp\/v2\/media?parent=1616"}],"curies":[{"name":"wp","href":"https:\/\/api.w.org\/{rel}","templated":true}]}}