{"id":1653,"date":"2025-02-21T14:22:34","date_gmt":"2025-02-21T13:22:34","guid":{"rendered":"https:\/\/www.matthias-handschick.com\/?page_id=1653"},"modified":"2025-02-21T15:38:38","modified_gmt":"2025-02-21T14:38:38","slug":"veroeffentlichungen-vor-2010","status":"publish","type":"page","link":"https:\/\/www.matthias-handschick.com\/index.php\/veroeffentlichungen-vor-2010\/","title":{"rendered":"Ver\u00f6ffentlichungen vor 2010"},"content":{"rendered":"\t\t<div data-elementor-type=\"wp-page\" data-elementor-id=\"1653\" class=\"elementor elementor-1653\">\n\t\t\t\t\t\t<section class=\"elementor-section elementor-top-section elementor-element elementor-element-b351402 elementor-section-stretched elementor-section-boxed elementor-section-height-default elementor-section-height-default\" data-id=\"b351402\" data-element_type=\"section\" data-e-type=\"section\" data-settings=\"{&quot;stretch_section&quot;:&quot;section-stretched&quot;}\">\n\t\t\t\t\t\t<div class=\"elementor-container elementor-column-gap-default\">\n\t\t\t\t\t<div class=\"elementor-column elementor-col-100 elementor-top-column elementor-element elementor-element-2d28409d\" data-id=\"2d28409d\" data-element_type=\"column\" data-e-type=\"column\">\n\t\t\t<div class=\"elementor-widget-wrap elementor-element-populated\">\n\t\t\t\t\t\t<div class=\"elementor-element elementor-element-34a4f1eb elementor-widget elementor-widget-image\" data-id=\"34a4f1eb\" data-element_type=\"widget\" data-e-type=\"widget\" data-widget_type=\"image.default\">\n\t\t\t\t<div class=\"elementor-widget-container\">\n\t\t\t\t\t\t\t\t\t\t\t\t\t\t\t<img fetchpriority=\"high\" decoding=\"async\" width=\"960\" height=\"369\" src=\"https:\/\/www.matthias-handschick.com\/wp-content\/uploads\/2025\/02\/mh3.jpg\" class=\"attachment-large size-large wp-image-1589\" alt=\"\" srcset=\"https:\/\/www.matthias-handschick.com\/wp-content\/uploads\/2025\/02\/mh3.jpg 960w, https:\/\/www.matthias-handschick.com\/wp-content\/uploads\/2025\/02\/mh3-300x115.jpg 300w, https:\/\/www.matthias-handschick.com\/wp-content\/uploads\/2025\/02\/mh3-768x295.jpg 768w\" sizes=\"(max-width: 960px) 100vw, 960px\" \/>\t\t\t\t\t\t\t\t\t\t\t\t\t\t\t<\/div>\n\t\t\t\t<\/div>\n\t\t\t\t\t<\/div>\n\t\t<\/div>\n\t\t\t\t\t<\/div>\n\t\t<\/section>\n\t\t\t\t<section class=\"elementor-section elementor-top-section elementor-element elementor-element-72eb4da0 elementor-section-boxed elementor-section-height-default elementor-section-height-default\" data-id=\"72eb4da0\" data-element_type=\"section\" data-e-type=\"section\">\n\t\t\t\t\t\t<div class=\"elementor-container elementor-column-gap-default\">\n\t\t\t\t\t<div class=\"elementor-column elementor-col-100 elementor-top-column elementor-element elementor-element-f330b88\" data-id=\"f330b88\" data-element_type=\"column\" data-e-type=\"column\">\n\t\t\t<div class=\"elementor-widget-wrap elementor-element-populated\">\n\t\t\t\t\t\t<div class=\"elementor-element elementor-element-389d8284 elementor-widget elementor-widget-heading\" data-id=\"389d8284\" data-element_type=\"widget\" data-e-type=\"widget\" data-widget_type=\"heading.default\">\n\t\t\t\t<div class=\"elementor-widget-container\">\n\t\t\t\t\t<h2 class=\"elementor-heading-title elementor-size-default\">Ver\u00f6ffentlichungen vor 2010<\/h2>\t\t\t\t<\/div>\n\t\t\t\t<\/div>\n\t\t\t\t<div class=\"elementor-element elementor-element-3b4f208c elementor-widget-divider--view-line elementor-widget elementor-widget-divider\" data-id=\"3b4f208c\" data-element_type=\"widget\" data-e-type=\"widget\" data-widget_type=\"divider.default\">\n\t\t\t\t<div class=\"elementor-widget-container\">\n\t\t\t\t\t\t\t<div class=\"elementor-divider\">\n\t\t\t<span class=\"elementor-divider-separator\">\n\t\t\t\t\t\t<\/span>\n\t\t<\/div>\n\t\t\t\t\t\t<\/div>\n\t\t\t\t<\/div>\n\t\t\t\t\t<\/div>\n\t\t<\/div>\n\t\t\t\t\t<\/div>\n\t\t<\/section>\n\t\t\t\t<section class=\"elementor-section elementor-top-section elementor-element elementor-element-4323c21 elementor-section-boxed elementor-section-height-default elementor-section-height-default\" data-id=\"4323c21\" data-element_type=\"section\" data-e-type=\"section\">\n\t\t\t\t\t\t<div class=\"elementor-container elementor-column-gap-default\">\n\t\t\t\t\t<div class=\"elementor-column elementor-col-100 elementor-top-column elementor-element elementor-element-a163c0d\" data-id=\"a163c0d\" data-element_type=\"column\" data-e-type=\"column\">\n\t\t\t<div class=\"elementor-widget-wrap elementor-element-populated\">\n\t\t\t\t\t\t<div class=\"elementor-element elementor-element-22528b2 elementor-widget elementor-widget-text-editor\" data-id=\"22528b2\" data-element_type=\"widget\" data-e-type=\"widget\" data-widget_type=\"text-editor.default\">\n\t\t\t\t<div class=\"elementor-widget-container\">\n\t\t\t\t\t\t\t\t\t<ul><li>Fiktive T\u00e4nze (Arnulf Herrmann), in: Abenteuer Neue Musik, auf: Musicademy &#8211; Die interaktive Lernplattform, Mainz, www.abenteuer-neue-musik.de.<\/li><li>Skulpturen aus Klang &#8211; P\u00e4dagogische Aspekte der Konzeptmusik John Cages (gemeinsam mit Wolfgang R\u00fcdiger), in: Begegnungen. Musik &#8211; Regionen &#8211; Kulturen, Kongressbericht zur 22. Bundesschulmusikwoche in Stuttgart, hrsg. von Ortwin Nimczik, Mainz 2009, S. 80-94.<\/li><li>Versatzst\u00fccke (Orm Finnendahl), in: Abenteuer Neue Musik, auf: Musicademy &#8211; Die interaktive Lernplattform, Mainz, www.abenteuer-neue-musik.de.<\/li><li>Versatzst\u00fccke. Workshop Neue Musik, in: Musik &amp; Bildung, 2009, Heft 2, S. 68-73.<\/li><li>Experimentelle Musik aus digitalisierten Alltagskl\u00e4ngen. Ein analytischer Praxisbericht mit Anmerkungen zum kreativen Umgang mit neuen Medien im Musikunterricht heute, in: Hiekel, J\u00f6rn Peter (Hrsg.): Vernetzungen. Neue Musik im Spannungsfeld von Wissenschaft und Technik (= Ver\u00f6ffentlichungen des Instituts f\u00fcr Neue Musik und Musikerziehung Darmstadt, Band 49), Mainz 2009, S. 139-157.<\/li><li>Zu einer k\u00fcnstlerischen P\u00e4dagogik neuer Musik. Wolfgang R\u00fcdiger im Gespr\u00e4ch mit Matthias Handschick, in: Musik Texte. Zeitschrift f\u00fcr Neue Musik 109, Mai 2006, S. 32-38.<\/li><li>Rezensionen musikp\u00e4dagogischer B\u00fccher von Hans Schneider, Karlheinz Blomann \/ Frank Sielecki, Andreas Langbehn, Johannes M. Walter und Ortwin Nimczik \/ Wolfgang R\u00fcdiger, in: Neue Zeitschrift f\u00fcr Musik, Juli-August 2004, S. 46-48.<\/li><\/ul>\t\t\t\t\t\t\t\t<\/div>\n\t\t\t\t<\/div>\n\t\t\t\t\t<\/div>\n\t\t<\/div>\n\t\t\t\t\t<\/div>\n\t\t<\/section>\n\t\t\t\t<\/div>\n\t\t","protected":false},"excerpt":{"rendered":"<p>Ver\u00f6ffentlichungen vor 2010 Fiktive T\u00e4nze (Arnulf Herrmann), in: Abenteuer Neue Musik, auf: Musicademy &#8211; Die interaktive Lernplattform, Mainz, www.abenteuer-neue-musik.de. Skulpturen aus Klang &#8211; P\u00e4dagogische Aspekte der Konzeptmusik John Cages (gemeinsam mit Wolfgang R\u00fcdiger), in: Begegnungen. Musik &#8211; Regionen &#8211; Kulturen, Kongressbericht zur 22. Bundesschulmusikwoche in Stuttgart, hrsg. von Ortwin Nimczik, Mainz 2009, S. 80-94. Versatzst\u00fccke [&hellip;]<\/p>\n","protected":false},"author":1,"featured_media":0,"parent":0,"menu_order":0,"comment_status":"closed","ping_status":"closed","template":"","meta":{"ocean_post_layout":"","ocean_both_sidebars_style":"","ocean_both_sidebars_content_width":0,"ocean_both_sidebars_sidebars_width":0,"ocean_sidebar":"","ocean_second_sidebar":"","ocean_disable_margins":"enable","ocean_add_body_class":"","ocean_shortcode_before_top_bar":"","ocean_shortcode_after_top_bar":"","ocean_shortcode_before_header":"","ocean_shortcode_after_header":"","ocean_has_shortcode":"","ocean_shortcode_after_title":"","ocean_shortcode_before_footer_widgets":"","ocean_shortcode_after_footer_widgets":"","ocean_shortcode_before_footer_bottom":"","ocean_shortcode_after_footer_bottom":"","ocean_display_top_bar":"default","ocean_display_header":"default","ocean_header_style":"","ocean_center_header_left_menu":"","ocean_custom_header_template":"","ocean_custom_logo":0,"ocean_custom_retina_logo":0,"ocean_custom_logo_max_width":0,"ocean_custom_logo_tablet_max_width":0,"ocean_custom_logo_mobile_max_width":0,"ocean_custom_logo_max_height":0,"ocean_custom_logo_tablet_max_height":0,"ocean_custom_logo_mobile_max_height":0,"ocean_header_custom_menu":"","ocean_menu_typo_font_family":"","ocean_menu_typo_font_subset":"","ocean_menu_typo_font_size":0,"ocean_menu_typo_font_size_tablet":0,"ocean_menu_typo_font_size_mobile":0,"ocean_menu_typo_font_size_unit":"px","ocean_menu_typo_font_weight":"","ocean_menu_typo_font_weight_tablet":"","ocean_menu_typo_font_weight_mobile":"","ocean_menu_typo_transform":"","ocean_menu_typo_transform_tablet":"","ocean_menu_typo_transform_mobile":"","ocean_menu_typo_line_height":0,"ocean_menu_typo_line_height_tablet":0,"ocean_menu_typo_line_height_mobile":0,"ocean_menu_typo_line_height_unit":"","ocean_menu_typo_spacing":0,"ocean_menu_typo_spacing_tablet":0,"ocean_menu_typo_spacing_mobile":0,"ocean_menu_typo_spacing_unit":"","ocean_menu_link_color":"","ocean_menu_link_color_hover":"","ocean_menu_link_color_active":"","ocean_menu_link_background":"","ocean_menu_link_hover_background":"","ocean_menu_link_active_background":"","ocean_menu_social_links_bg":"","ocean_menu_social_hover_links_bg":"","ocean_menu_social_links_color":"","ocean_menu_social_hover_links_color":"","ocean_disable_title":"default","ocean_disable_heading":"default","ocean_post_title":"","ocean_post_subheading":"","ocean_post_title_style":"","ocean_post_title_background_color":"","ocean_post_title_background":0,"ocean_post_title_bg_image_position":"","ocean_post_title_bg_image_attachment":"","ocean_post_title_bg_image_repeat":"","ocean_post_title_bg_image_size":"","ocean_post_title_height":0,"ocean_post_title_bg_overlay":0.5,"ocean_post_title_bg_overlay_color":"","ocean_disable_breadcrumbs":"default","ocean_breadcrumbs_color":"","ocean_breadcrumbs_separator_color":"","ocean_breadcrumbs_links_color":"","ocean_breadcrumbs_links_hover_color":"","ocean_display_footer_widgets":"default","ocean_display_footer_bottom":"default","ocean_custom_footer_template":"","footnotes":""},"class_list":["post-1653","page","type-page","status-publish","hentry","entry"],"_links":{"self":[{"href":"https:\/\/www.matthias-handschick.com\/index.php\/wp-json\/wp\/v2\/pages\/1653","targetHints":{"allow":["GET"]}}],"collection":[{"href":"https:\/\/www.matthias-handschick.com\/index.php\/wp-json\/wp\/v2\/pages"}],"about":[{"href":"https:\/\/www.matthias-handschick.com\/index.php\/wp-json\/wp\/v2\/types\/page"}],"author":[{"embeddable":true,"href":"https:\/\/www.matthias-handschick.com\/index.php\/wp-json\/wp\/v2\/users\/1"}],"replies":[{"embeddable":true,"href":"https:\/\/www.matthias-handschick.com\/index.php\/wp-json\/wp\/v2\/comments?post=1653"}],"version-history":[{"count":0,"href":"https:\/\/www.matthias-handschick.com\/index.php\/wp-json\/wp\/v2\/pages\/1653\/revisions"}],"wp:attachment":[{"href":"https:\/\/www.matthias-handschick.com\/index.php\/wp-json\/wp\/v2\/media?parent=1653"}],"curies":[{"name":"wp","href":"https:\/\/api.w.org\/{rel}","templated":true}]}}