{"id":1678,"date":"2025-02-21T14:26:14","date_gmt":"2025-02-21T13:26:14","guid":{"rendered":"https:\/\/www.matthias-handschick.com\/?page_id=1678"},"modified":"2026-02-06T15:11:21","modified_gmt":"2026-02-06T14:11:21","slug":"aktuelles","status":"publish","type":"page","link":"https:\/\/www.matthias-handschick.com\/index.php\/aktuelles\/","title":{"rendered":"Aktuelles"},"content":{"rendered":"\t\t<div data-elementor-type=\"wp-page\" data-elementor-id=\"1678\" class=\"elementor elementor-1678\">\n\t\t\t\t\t\t<section class=\"elementor-section elementor-top-section elementor-element elementor-element-54d91005 elementor-section-stretched elementor-section-boxed elementor-section-height-default elementor-section-height-default\" data-id=\"54d91005\" data-element_type=\"section\" data-e-type=\"section\" data-settings=\"{&quot;stretch_section&quot;:&quot;section-stretched&quot;}\">\n\t\t\t\t\t\t<div class=\"elementor-container elementor-column-gap-default\">\n\t\t\t\t\t<div class=\"elementor-column elementor-col-100 elementor-top-column elementor-element elementor-element-9ec475d\" data-id=\"9ec475d\" data-element_type=\"column\" data-e-type=\"column\">\n\t\t\t<div class=\"elementor-widget-wrap elementor-element-populated\">\n\t\t\t\t\t\t<div class=\"elementor-element elementor-element-2a3c3d26 elementor-widget elementor-widget-image\" data-id=\"2a3c3d26\" data-element_type=\"widget\" data-e-type=\"widget\" data-widget_type=\"image.default\">\n\t\t\t\t<div class=\"elementor-widget-container\">\n\t\t\t\t\t\t\t\t\t\t\t\t\t\t\t<img fetchpriority=\"high\" decoding=\"async\" width=\"960\" height=\"369\" src=\"https:\/\/www.matthias-handschick.com\/wp-content\/uploads\/2025\/02\/mh5.jpg\" class=\"attachment-large size-large wp-image-1587\" alt=\"\" srcset=\"https:\/\/www.matthias-handschick.com\/wp-content\/uploads\/2025\/02\/mh5.jpg 960w, https:\/\/www.matthias-handschick.com\/wp-content\/uploads\/2025\/02\/mh5-300x115.jpg 300w, https:\/\/www.matthias-handschick.com\/wp-content\/uploads\/2025\/02\/mh5-768x295.jpg 768w\" sizes=\"(max-width: 960px) 100vw, 960px\" \/>\t\t\t\t\t\t\t\t\t\t\t\t\t\t\t<\/div>\n\t\t\t\t<\/div>\n\t\t\t\t\t<\/div>\n\t\t<\/div>\n\t\t\t\t\t<\/div>\n\t\t<\/section>\n\t\t\t\t<section class=\"elementor-section elementor-top-section elementor-element elementor-element-32f3895 elementor-section-boxed elementor-section-height-default elementor-section-height-default\" data-id=\"32f3895\" data-element_type=\"section\" data-e-type=\"section\">\n\t\t\t\t\t\t<div class=\"elementor-container elementor-column-gap-default\">\n\t\t\t\t\t<div class=\"elementor-column elementor-col-100 elementor-top-column elementor-element elementor-element-21f5edd\" data-id=\"21f5edd\" data-element_type=\"column\" data-e-type=\"column\">\n\t\t\t<div class=\"elementor-widget-wrap elementor-element-populated\">\n\t\t\t\t\t\t<div class=\"elementor-element elementor-element-ecb90ff elementor-widget elementor-widget-heading\" data-id=\"ecb90ff\" data-element_type=\"widget\" data-e-type=\"widget\" data-widget_type=\"heading.default\">\n\t\t\t\t<div class=\"elementor-widget-container\">\n\t\t\t\t\t<h2 class=\"elementor-heading-title elementor-size-default\">Aktuelles<\/h2>\t\t\t\t<\/div>\n\t\t\t\t<\/div>\n\t\t\t\t<div class=\"elementor-element elementor-element-517dd93 elementor-widget-divider--view-line elementor-widget elementor-widget-divider\" data-id=\"517dd93\" data-element_type=\"widget\" data-e-type=\"widget\" data-widget_type=\"divider.default\">\n\t\t\t\t<div class=\"elementor-widget-container\">\n\t\t\t\t\t\t\t<div class=\"elementor-divider\">\n\t\t\t<span class=\"elementor-divider-separator\">\n\t\t\t\t\t\t<\/span>\n\t\t<\/div>\n\t\t\t\t\t\t<\/div>\n\t\t\t\t<\/div>\n\t\t\t\t\t<\/div>\n\t\t<\/div>\n\t\t\t\t\t<\/div>\n\t\t<\/section>\n\t\t\t\t<section class=\"elementor-section elementor-top-section elementor-element elementor-element-85dc210 elementor-section-boxed elementor-section-height-default elementor-section-height-default\" data-id=\"85dc210\" data-element_type=\"section\" data-e-type=\"section\">\n\t\t\t\t\t\t<div class=\"elementor-container elementor-column-gap-default\">\n\t\t\t\t\t<div class=\"elementor-column elementor-col-100 elementor-top-column elementor-element elementor-element-163f952\" data-id=\"163f952\" data-element_type=\"column\" data-e-type=\"column\">\n\t\t\t<div class=\"elementor-widget-wrap elementor-element-populated\">\n\t\t\t\t\t\t<div class=\"elementor-element elementor-element-1bec103 elementor-widget elementor-widget-text-editor\" data-id=\"1bec103\" data-element_type=\"widget\" data-e-type=\"widget\" data-widget_type=\"text-editor.default\">\n\t\t\t\t<div class=\"elementor-widget-container\">\n\t\t\t\t\t\t\t\t\t<p>15.12.2023-17.12.2023<br \/><strong>Wie wir h\u00f6ren, was wir sind<\/strong> (gemeinsam mit Yana Arlt und Michael Meinert)<br \/>Winter-Workshop f\u00fcr Jugendliche von 12-18 Jahren an der Musikakademie Rheinsberg<\/p><p>11.11.2023<br \/><strong>Neue Kl\u00e4nge machen Schule<\/strong> (gemeinsam mit Silke Egeler-Wittmann)<br \/>Workshop im Rahmen des 24. Musiksymposiums Mei\u00dfen<\/p><p>10.11.2023<br \/><strong>H\u00f6ren und Dazugeh\u00f6ren<\/strong><br \/>Vortrag im Rahmen des Workshops \u201ePartizipation \u00fcber-\/fachlich\u201c der Universit\u00e4t des Saarlandes<\/p><p>19.10.2023-22.10.2023<br \/><strong>Musik aktuell<\/strong><br \/>Fortbildungsveranstaltung an der Akademie f\u00fcr musikalische Jugendbildung Trossingen (gemeinsam mit Silke Egeler-Wittmann und Studierenden der HfM Saar)<\/p><p>12.10.2023<br \/><strong>Musik verbindet?<\/strong><br \/>Vortrag im Rahmen der Auftaktveranstaltung \u201eKultur macht stark \u2013 B\u00fcndnisse f\u00fcr Bildung\u201c<\/p><p><span style=\"font-size: 16px; color: var( --e-global-color-text );\">02.08.2023, 09.00 Uhr bis 13.00 Uhr<br \/><\/span><span style=\"font-size: 16px; color: var( --e-global-color-text );\"><strong>Neue Kl\u00e4nge machen Schule<\/strong><br \/><\/span><span style=\"font-size: 16px; color: var( --e-global-color-text );\">Workshop im Rahmen des Internationalen musikp\u00e4dagogischen Sommerkurses Salzburg.<\/span><\/p><p>20.03.2023, 14.30 Uhr bis 16.00 Uhr<br \/><strong>Neue Kl\u00e4nge machen Schule<\/strong><br \/>Workshop im Rahmen des 28. Musikp\u00e4dagogischen Tags der Hochschule f\u00fcr Musik und Darstellende Kunst Frankfurt.<\/p><p>15.03.2023, 09.00 Uhr bis 16.00 Uhr<br \/><strong>Neue Kl\u00e4nge machen Schule<\/strong><br \/>Workshop des Landesinstituts f\u00fcr P\u00e4dagogik und Medien Saar.\u00a0<\/p><p>16.07.2022, 14.30 Uhr bis 16.30 Uhr<br \/><strong>Experimentum Quintum<\/strong><br \/>Partizipativer Klangraum nach einem Konzept von La Monte Young im Rahmen des Saarbr\u00fccker Kulturmeilenfestes, Konzertsaal der Hochschule f\u00fcr Musik Saar<\/p><p>22.-24.04.2022 und 20.-22.05.2022<br \/><strong>Neue Musik erfinden im Schulunterricht<\/strong><br \/>Blockseminar an der Hochschule f\u00fcr Musik Franz Liszt, Weimar<\/p><p>21.02.-25.02.2022<br \/><strong>Musik erfinden im Schulunterricht<\/strong><br \/>Hochschul\u00fcbergreifendes Seminar Musikp\u00e4dagogik an der Universit\u00e4t der K\u00fcnste Berlin (gemeinsam mit Prof. Dr. Constanze Rora und Prof. Dr. Andreas Ickstadt)<\/p><p>Schuljahr 2021\/22<br \/><strong>Der Zaubergarten<\/strong><br \/>Film-Musik-Projekt an der Gebundenen Ganztagsschule Dellengarten \/ Saarbr\u00fccken (gemeinsam mit Chantal Nilges, Eduard St\u00fcrmer, David Aschoff, Lars-Aaron G\u00f6tz, Katharina Wahl und Lehrkr\u00e4ften der Dellengartenschule)<\/p><p>Schuljahr 2020\/21<br \/><strong>Saarbr\u00fccken, Jugendbuch 2020\/21<\/strong><br \/>Partizipatives Projekt f\u00fcr Kinder und Jugendliche im Bereich der \u00e4sthetischen Bildung (Katherine-Weissgerber-Gemeinschaftsschule Klarenthal, Montessori-Gemeinschaftsschule Friedrichsthal, Ludwigsgymnasium Saarbr\u00fccken, Ganztagsgrundschule Saarbr\u00fccken- Kirchberg, Freiwillige Ganztagsschule Saarbr\u00fccken-St. Arnual, u.a.)<\/p><p>15.-17.03. und 05.-07.04.2019<br \/><strong>Wahrnehmungspsychologische Aspekte der Kunst und Musik des 20. und 21. Jahrhunderts<\/strong><br \/>Gastseminar an der Universit\u00e4t Mozarteum Salzburg<\/p>\t\t\t\t\t\t\t\t<\/div>\n\t\t\t\t<\/div>\n\t\t\t\t\t<\/div>\n\t\t<\/div>\n\t\t\t\t\t<\/div>\n\t\t<\/section>\n\t\t\t\t<\/div>\n\t\t","protected":false},"excerpt":{"rendered":"<p>Aktuelles 15.12.2023-17.12.2023Wie wir h\u00f6ren, was wir sind (gemeinsam mit Yana Arlt und Michael Meinert)Winter-Workshop f\u00fcr Jugendliche von 12-18 Jahren an der Musikakademie Rheinsberg 11.11.2023Neue Kl\u00e4nge machen Schule (gemeinsam mit Silke Egeler-Wittmann)Workshop im Rahmen des 24. Musiksymposiums Mei\u00dfen 10.11.2023H\u00f6ren und Dazugeh\u00f6renVortrag im Rahmen des Workshops \u201ePartizipation \u00fcber-\/fachlich\u201c der Universit\u00e4t des Saarlandes 19.10.2023-22.10.2023Musik aktuellFortbildungsveranstaltung an der Akademie [&hellip;]<\/p>\n","protected":false},"author":1,"featured_media":0,"parent":0,"menu_order":0,"comment_status":"closed","ping_status":"closed","template":"","meta":{"ocean_post_layout":"","ocean_both_sidebars_style":"","ocean_both_sidebars_content_width":0,"ocean_both_sidebars_sidebars_width":0,"ocean_sidebar":"","ocean_second_sidebar":"","ocean_disable_margins":"enable","ocean_add_body_class":"","ocean_shortcode_before_top_bar":"","ocean_shortcode_after_top_bar":"","ocean_shortcode_before_header":"","ocean_shortcode_after_header":"","ocean_has_shortcode":"","ocean_shortcode_after_title":"","ocean_shortcode_before_footer_widgets":"","ocean_shortcode_after_footer_widgets":"","ocean_shortcode_before_footer_bottom":"","ocean_shortcode_after_footer_bottom":"","ocean_display_top_bar":"default","ocean_display_header":"default","ocean_header_style":"","ocean_center_header_left_menu":"","ocean_custom_header_template":"","ocean_custom_logo":0,"ocean_custom_retina_logo":0,"ocean_custom_logo_max_width":0,"ocean_custom_logo_tablet_max_width":0,"ocean_custom_logo_mobile_max_width":0,"ocean_custom_logo_max_height":0,"ocean_custom_logo_tablet_max_height":0,"ocean_custom_logo_mobile_max_height":0,"ocean_header_custom_menu":"","ocean_menu_typo_font_family":"","ocean_menu_typo_font_subset":"","ocean_menu_typo_font_size":0,"ocean_menu_typo_font_size_tablet":0,"ocean_menu_typo_font_size_mobile":0,"ocean_menu_typo_font_size_unit":"px","ocean_menu_typo_font_weight":"","ocean_menu_typo_font_weight_tablet":"","ocean_menu_typo_font_weight_mobile":"","ocean_menu_typo_transform":"","ocean_menu_typo_transform_tablet":"","ocean_menu_typo_transform_mobile":"","ocean_menu_typo_line_height":0,"ocean_menu_typo_line_height_tablet":0,"ocean_menu_typo_line_height_mobile":0,"ocean_menu_typo_line_height_unit":"","ocean_menu_typo_spacing":0,"ocean_menu_typo_spacing_tablet":0,"ocean_menu_typo_spacing_mobile":0,"ocean_menu_typo_spacing_unit":"","ocean_menu_link_color":"","ocean_menu_link_color_hover":"","ocean_menu_link_color_active":"","ocean_menu_link_background":"","ocean_menu_link_hover_background":"","ocean_menu_link_active_background":"","ocean_menu_social_links_bg":"","ocean_menu_social_hover_links_bg":"","ocean_menu_social_links_color":"","ocean_menu_social_hover_links_color":"","ocean_disable_title":"default","ocean_disable_heading":"default","ocean_post_title":"","ocean_post_subheading":"","ocean_post_title_style":"","ocean_post_title_background_color":"","ocean_post_title_background":0,"ocean_post_title_bg_image_position":"","ocean_post_title_bg_image_attachment":"","ocean_post_title_bg_image_repeat":"","ocean_post_title_bg_image_size":"","ocean_post_title_height":0,"ocean_post_title_bg_overlay":0.5,"ocean_post_title_bg_overlay_color":"","ocean_disable_breadcrumbs":"default","ocean_breadcrumbs_color":"","ocean_breadcrumbs_separator_color":"","ocean_breadcrumbs_links_color":"","ocean_breadcrumbs_links_hover_color":"","ocean_display_footer_widgets":"default","ocean_display_footer_bottom":"default","ocean_custom_footer_template":"","footnotes":""},"class_list":["post-1678","page","type-page","status-publish","hentry","entry"],"_links":{"self":[{"href":"https:\/\/www.matthias-handschick.com\/index.php\/wp-json\/wp\/v2\/pages\/1678","targetHints":{"allow":["GET"]}}],"collection":[{"href":"https:\/\/www.matthias-handschick.com\/index.php\/wp-json\/wp\/v2\/pages"}],"about":[{"href":"https:\/\/www.matthias-handschick.com\/index.php\/wp-json\/wp\/v2\/types\/page"}],"author":[{"embeddable":true,"href":"https:\/\/www.matthias-handschick.com\/index.php\/wp-json\/wp\/v2\/users\/1"}],"replies":[{"embeddable":true,"href":"https:\/\/www.matthias-handschick.com\/index.php\/wp-json\/wp\/v2\/comments?post=1678"}],"version-history":[{"count":6,"href":"https:\/\/www.matthias-handschick.com\/index.php\/wp-json\/wp\/v2\/pages\/1678\/revisions"}],"predecessor-version":[{"id":1907,"href":"https:\/\/www.matthias-handschick.com\/index.php\/wp-json\/wp\/v2\/pages\/1678\/revisions\/1907"}],"wp:attachment":[{"href":"https:\/\/www.matthias-handschick.com\/index.php\/wp-json\/wp\/v2\/media?parent=1678"}],"curies":[{"name":"wp","href":"https:\/\/api.w.org\/{rel}","templated":true}]}}